{"id":382,"date":"2021-04-06T10:46:28","date_gmt":"2021-04-06T08:46:28","guid":{"rendered":"https:\/\/www.5iveconcrete.com\/kontakt\/"},"modified":"2021-04-06T14:32:01","modified_gmt":"2021-04-06T12:32:01","slug":"kontakt","status":"publish","type":"page","link":"https:\/\/www.5iveconcrete.com\/cs\/kontakt\/","title":{"rendered":"Kontakt"},"content":{"rendered":"<div id=\"pl-382\"  class=\"panel-layout\" ><div id=\"pg-382-0\"  class=\"panel-grid panel-no-style\" ><div id=\"pgc-382-0-0\"  class=\"panel-grid-cell\" ><div id=\"panel-382-0-0-0\" class=\"so-panel widget widget_sow-editor panel-first-child panel-last-child\" data-index=\"0\" ><div class=\"so-widget-sow-editor so-widget-sow-editor-base\">\n<div class=\"siteorigin-widget-tinymce textwidget\">\n\t<div style=\"width: 100%\"><iframe loading=\"lazy\" width=\"100%\" height=\"400\" frameborder=\"0\" scrolling=\"no\" marginheight=\"0\" marginwidth=\"0\" src=\"https:\/\/maps.google.com\/maps?width=100%25&amp;height=400&amp;hl=en&amp;q=Borovicov%C3%A1%20737\/3,%20900%2050%20Hrub%C3%A1%20Bor%C5%A1a+(CONCEPT%20STORE%20s.r.o)&amp;t=&amp;z=14&amp;ie=UTF8&amp;iwloc=B&amp;output=embed\"><\/iframe><\/div>\n<\/div>\n<\/div><\/div><\/div><div id=\"pgc-382-0-1\"  class=\"panel-grid-cell panel-grid-cell-empty\" ><\/div><div id=\"pgc-382-0-2\"  class=\"panel-grid-cell\" ><div id=\"panel-382-0-2-0\" class=\"so-panel widget widget_sow-editor panel-first-child panel-last-child\" data-index=\"1\" ><div class=\"so-widget-sow-editor so-widget-sow-editor-base\">\n<div class=\"siteorigin-widget-tinymce textwidget\">\n\t<h2>Kontaktn\u00ed \u00fadaje<\/h2>\n<p><strong style=\"font-size: 14pt;\">CONCEPT STORE s.r.o<\/strong><br \/>\nBorovicov\u00e1 737\/3, 900 50 Hrub\u00e1 Bor\u0161a<br \/>\n<a href=\"phone:+421 904 800 101 \">+421 904 800 101<\/a><br \/>\n<a href=\"mailto:info@5iveconcrete.com \">info@5iveconcrete.com<\/a><\/p>\n<h2>Faktura\u010dn\u00ed \u00fadaje<\/h2>\n<p>I\u010cO: 44 301 294<br \/>\nDI\u010c: 2022662125<br \/>\nI\u010c DPH: SK 2022662125<br \/>\nZapsan\u00e1 v obchodn\u00edm rejst\u0159\u00edku:<br \/>\nOkresn\u00ed soud Bratislava I Odd: Sro, vlo\u017eka \u010d\u00edslo 53640 \/ B<\/p>\n<\/div>\n<\/div><\/div><\/div><\/div><\/div>","protected":false},"excerpt":{"rendered":"<p>Chcete n\u00e1\u0161 beton do sv\u00fdch v\u00fdklad\u016f? Kontaktujte n\u00e1s!<\/p>\n","protected":false},"author":3,"featured_media":0,"parent":0,"menu_order":0,"comment_status":"closed","ping_status":"closed","template":"","meta":{"spay_email":"","footnotes":""},"class_list":["post-382","page","type-page","status-publish","hentry"],"yoast_head":"<!-- This site is optimized with the Yoast SEO plugin v16.2 - https:\/\/yoast.com\/wordpress\/plugins\/seo\/ -->\n<meta name=\"robots\" content=\"index, follow, max-snippet:-1, max-image-preview:large, max-video-preview:-1\" \/>\n<link rel=\"canonical\" href=\"https:\/\/www.5iveconcrete.com\/cs\/kontakt\/\" \/>\n<meta property=\"og:locale\" content=\"cs_CZ\" \/>\n<meta property=\"og:type\" content=\"article\" \/>\n<meta property=\"og:title\" content=\"Kontakt - 5ive concrete\" \/>\n<meta property=\"og:description\" content=\"Chcete n\u00e1\u0161 beton do sv\u00fdch v\u00fdklad\u016f? Kontaktujte n\u00e1s!\" \/>\n<meta property=\"og:url\" content=\"https:\/\/www.5iveconcrete.com\/cs\/kontakt\/\" \/>\n<meta property=\"og:site_name\" content=\"5ive concrete\" \/>\n<meta property=\"article:modified_time\" content=\"2021-04-06T12:32:01+00:00\" \/>\n<meta name=\"twitter:card\" content=\"summary_large_image\" \/>\n<script type=\"application\/ld+json\" class=\"yoast-schema-graph\">{\"@context\":\"https:\/\/schema.org\",\"@graph\":[{\"@type\":\"WebSite\",\"@id\":\"https:\/\/www.5iveconcrete.com\/#website\",\"url\":\"https:\/\/www.5iveconcrete.com\/\",\"name\":\"5ive concrete\",\"description\":\"Dizajn z bet\\u00f3nu\",\"potentialAction\":[{\"@type\":\"SearchAction\",\"target\":\"https:\/\/www.5iveconcrete.com\/?s={search_term_string}\",\"query-input\":\"required name=search_term_string\"}],\"inLanguage\":\"cs\"},{\"@type\":\"WebPage\",\"@id\":\"https:\/\/www.5iveconcrete.com\/cs\/kontakt\/#webpage\",\"url\":\"https:\/\/www.5iveconcrete.com\/cs\/kontakt\/\",\"name\":\"Kontakt - 5ive concrete\",\"isPartOf\":{\"@id\":\"https:\/\/www.5iveconcrete.com\/#website\"},\"datePublished\":\"2021-04-06T08:46:28+00:00\",\"dateModified\":\"2021-04-06T12:32:01+00:00\",\"breadcrumb\":{\"@id\":\"https:\/\/www.5iveconcrete.com\/cs\/kontakt\/#breadcrumb\"},\"inLanguage\":\"cs\",\"potentialAction\":[{\"@type\":\"ReadAction\",\"target\":[\"https:\/\/www.5iveconcrete.com\/cs\/kontakt\/\"]}]},{\"@type\":\"BreadcrumbList\",\"@id\":\"https:\/\/www.5iveconcrete.com\/cs\/kontakt\/#breadcrumb\",\"itemListElement\":[{\"@type\":\"ListItem\",\"position\":1,\"item\":{\"@type\":\"WebPage\",\"@id\":\"https:\/\/www.5iveconcrete.com\/cs\/\",\"url\":\"https:\/\/www.5iveconcrete.com\/cs\/\",\"name\":\"Domovsk\\u00e1 str\\u00e1nka\"}},{\"@type\":\"ListItem\",\"position\":2,\"item\":{\"@id\":\"https:\/\/www.5iveconcrete.com\/cs\/kontakt\/#webpage\"}}]}]}<\/script>\n<!-- \/ Yoast SEO plugin. -->","_links":{"self":[{"href":"https:\/\/www.5iveconcrete.com\/cs\/wp-json\/wp\/v2\/pages\/382","targetHints":{"allow":["GET"]}}],"collection":[{"href":"https:\/\/www.5iveconcrete.com\/cs\/wp-json\/wp\/v2\/pages"}],"about":[{"href":"https:\/\/www.5iveconcrete.com\/cs\/wp-json\/wp\/v2\/types\/page"}],"author":[{"embeddable":true,"href":"https:\/\/www.5iveconcrete.com\/cs\/wp-json\/wp\/v2\/users\/3"}],"replies":[{"embeddable":true,"href":"https:\/\/www.5iveconcrete.com\/cs\/wp-json\/wp\/v2\/comments?post=382"}],"version-history":[{"count":1,"href":"https:\/\/www.5iveconcrete.com\/cs\/wp-json\/wp\/v2\/pages\/382\/revisions"}],"predecessor-version":[{"id":383,"href":"https:\/\/www.5iveconcrete.com\/cs\/wp-json\/wp\/v2\/pages\/382\/revisions\/383"}],"wp:attachment":[{"href":"https:\/\/www.5iveconcrete.com\/cs\/wp-json\/wp\/v2\/media?parent=382"}],"curies":[{"name":"wp","href":"https:\/\/api.w.org\/{rel}","templated":true}]}}