{"id":384,"date":"2021-04-06T10:37:03","date_gmt":"2021-04-06T08:37:03","guid":{"rendered":"https:\/\/www.5iveconcrete.com\/o-nas\/"},"modified":"2022-09-14T15:34:10","modified_gmt":"2022-09-14T13:34:10","slug":"o-nas","status":"publish","type":"page","link":"https:\/\/www.5iveconcrete.com\/cs\/o-nas\/","title":{"rendered":"O n\u00e1s"},"content":{"rendered":"<div id=\"pl-384\"  class=\"panel-layout\" ><div id=\"pg-384-0\"  class=\"panel-grid panel-no-style\" ><div id=\"pgc-384-0-0\"  class=\"panel-grid-cell\" ><div id=\"panel-384-0-0-0\" class=\"so-panel widget widget_sow-editor panel-first-child panel-last-child\" data-index=\"0\" ><div class=\"so-widget-sow-editor so-widget-sow-editor-base\">\n<div class=\"siteorigin-widget-tinymce textwidget\">\n\t<h2>Ve 5ive jsme nad\u0161enci pro design z betonu, kter\u00fd se pod na\u0161imi rukama st\u00e1v\u00e1 um\u011bleck\u00fdm d\u00edlem. Pr\u00e1ce s n\u00edm je na\u0161e v\u00e1\u0161e\u0148.<\/h2>\n<p>Vyu\u017e\u00edv\u00e1me tradi\u010dn\u00ed stavebn\u00ed l\u00e1tku ov\u011b\u0159enou \u010dasem a vyr\u00e1b\u00edme z n\u00ed nev\u0161edn\u00ed d\u00edla, kter\u00e9 jsou unik\u00e1tn\u00ed. Na\u0161e d\u00edlna je mali\u010dk\u00e1, a proto jsou betonov\u00e9 um\u011bleck\u00e1 d\u00edla o to jedine\u010dnej\u0161ie. V\u0161echny na\u0161e v\u00fdrobky jsou vyr\u00e1b\u011bny ru\u010dn\u011b, proch\u00e1zej\u00ed na\u0161imi rukama, d\u00e1v\u00e1me mu du\u0161i a vdechujeme betonu unik\u00e1tn\u00ed podobu.<\/p>\n<\/div>\n<\/div><\/div><\/div><div id=\"pgc-384-0-1\"  class=\"panel-grid-cell\" ><div id=\"panel-384-0-1-0\" class=\"so-panel widget widget_sow-image panel-first-child panel-last-child\" data-index=\"1\" ><div class=\"so-widget-sow-image so-widget-sow-image-default-d6014b76747a\">\n\n<div class=\"sow-image-container\">\n\t<img loading=\"lazy\" decoding=\"async\" src=\"https:\/\/www.5iveconcrete.com\/wp-content\/uploads\/2021\/04\/Hodiny_3.jpg\" width=\"1529\" height=\"1139\" srcset=\"https:\/\/www.5iveconcrete.com\/wp-content\/uploads\/2021\/04\/Hodiny_3.jpg 1529w, https:\/\/www.5iveconcrete.com\/wp-content\/uploads\/2021\/04\/Hodiny_3-300x223.jpg 300w, https:\/\/www.5iveconcrete.com\/wp-content\/uploads\/2021\/04\/Hodiny_3-1024x763.jpg 1024w, https:\/\/www.5iveconcrete.com\/wp-content\/uploads\/2021\/04\/Hodiny_3-768x572.jpg 768w, https:\/\/www.5iveconcrete.com\/wp-content\/uploads\/2021\/04\/Hodiny_3-480x358.jpg 480w, https:\/\/www.5iveconcrete.com\/wp-content\/uploads\/2021\/04\/Hodiny_3-992x739.jpg 992w, https:\/\/www.5iveconcrete.com\/wp-content\/uploads\/2021\/04\/Hodiny_3-1200x894.jpg 1200w, https:\/\/www.5iveconcrete.com\/wp-content\/uploads\/2021\/04\/Hodiny_3-600x447.jpg 600w\" sizes=\"auto, (max-width: 1529px) 100vw, 1529px\" alt=\"\" \t\tclass=\"so-widget-image\"\/>\n<\/div>\n\n<\/div><\/div><\/div><\/div><div id=\"pg-384-1\"  class=\"panel-grid panel-no-style\" ><div id=\"pgc-384-1-0\"  class=\"panel-grid-cell\" ><div id=\"panel-384-1-0-0\" class=\"so-panel widget widget_sow-image panel-first-child panel-last-child\" data-index=\"2\" ><div class=\"so-widget-sow-image so-widget-sow-image-default-d6014b76747a\">\n\n<div class=\"sow-image-container\">\n\t<img loading=\"lazy\" decoding=\"async\" src=\"https:\/\/www.5iveconcrete.com\/wp-content\/uploads\/2021\/04\/1.png\" width=\"1530\" height=\"1283\" srcset=\"https:\/\/www.5iveconcrete.com\/wp-content\/uploads\/2021\/04\/1.png 1530w, https:\/\/www.5iveconcrete.com\/wp-content\/uploads\/2021\/04\/1-300x252.png 300w, https:\/\/www.5iveconcrete.com\/wp-content\/uploads\/2021\/04\/1-1024x859.png 1024w, https:\/\/www.5iveconcrete.com\/wp-content\/uploads\/2021\/04\/1-768x644.png 768w, https:\/\/www.5iveconcrete.com\/wp-content\/uploads\/2021\/04\/1-480x403.png 480w, https:\/\/www.5iveconcrete.com\/wp-content\/uploads\/2021\/04\/1-992x832.png 992w, https:\/\/www.5iveconcrete.com\/wp-content\/uploads\/2021\/04\/1-1200x1006.png 1200w, https:\/\/www.5iveconcrete.com\/wp-content\/uploads\/2021\/04\/1-600x503.png 600w\" sizes=\"auto, (max-width: 1530px) 100vw, 1530px\" alt=\"\" \t\tclass=\"so-widget-image\"\/>\n<\/div>\n\n<\/div><\/div><\/div><div id=\"pgc-384-1-1\"  class=\"panel-grid-cell\" ><div id=\"panel-384-1-1-0\" class=\"so-panel widget widget_sow-editor panel-first-child panel-last-child\" data-index=\"3\" ><div class=\"so-widget-sow-editor so-widget-sow-editor-base\">\n<div class=\"siteorigin-widget-tinymce textwidget\">\n\t<h2>D\u00edky ru\u010dn\u00ed pr\u00e1ci jsou zaj\u00edmav\u00e9 i t\u00edm, \u017ee jsou v\u0161echny jedine\u010dn\u00e9 jako je \u010dlov\u011bk s\u00e1m.<\/h2>\n<p>D\u00edla jsou proto hez\u010d\u00ed, maj\u00ed v sob\u011b originalitu a nad\u010dasovost s vlastn\u00ed du\u0161\u00ed a p\u0159\u00edb\u011bhem, kter\u00fd my v\u00fdrobou za\u010dneme a vy u\u017e\u00edv\u00e1n\u00edm dotv\u00e1\u0159ej\u00ed a m\u011bn\u00edte. Geometrie a r\u016fzn\u00e9 tvary na\u0161ich betonov\u00fdch um\u011bleck\u00fdch d\u011bl se projevuj\u00ed v jejich netradi\u010dn\u00edm vzhledu.<\/p>\n<p>Tvo\u0159\u00edme n\u00e1bytek, \u0161perky, bytov\u00e9 dopl\u0148ky a mnoho jin\u00fdch produkt\u016f, kter\u00e9 ozvl\u00e1\u0161tn\u00ed v\u00e1s a v\u00e1\u0161 prostor, vdechnou do n\u011bj neot\u0159elost v\u0161ednosti a modernost tradi\u010dn\u00ed hmoty.<\/p>\n<\/div>\n<\/div><\/div><\/div><\/div><\/div>","protected":false},"excerpt":{"rendered":"<p>Vytv\u00e1\u0159\u00edme minimalistick\u00e9 betonov\u00e9 objekty na dotvo\u0159en\u00ed interi\u00e9ru, ale i jako minimalistick\u00fd \u0161perk pro ka\u017ed\u00e9ho kdo chce b\u00fdt v\u00fdjime\u010dn\u00ed.<\/p>\n","protected":false},"author":3,"featured_media":0,"parent":0,"menu_order":0,"comment_status":"closed","ping_status":"closed","template":"","meta":{"spay_email":"","footnotes":""},"class_list":["post-384","page","type-page","status-publish","hentry"],"yoast_head":"<!-- This site is optimized with the Yoast SEO plugin v16.2 - https:\/\/yoast.com\/wordpress\/plugins\/seo\/ -->\n<meta name=\"robots\" content=\"index, follow, max-snippet:-1, max-image-preview:large, max-video-preview:-1\" \/>\n<link rel=\"canonical\" href=\"https:\/\/www.5iveconcrete.com\/o-nas\/\" \/>\n<meta property=\"og:locale\" content=\"cs_CZ\" \/>\n<meta property=\"og:type\" content=\"article\" \/>\n<meta property=\"og:title\" content=\"O n\u00e1s - 5ive concrete\" \/>\n<meta property=\"og:description\" content=\"Vytv\u00e1\u0159\u00edme minimalistick\u00e9 betonov\u00e9 objekty na dotvo\u0159en\u00ed interi\u00e9ru, ale i jako minimalistick\u00fd \u0161perk pro ka\u017ed\u00e9ho kdo chce b\u00fdt v\u00fdjime\u010dn\u00ed.\" \/>\n<meta property=\"og:url\" content=\"https:\/\/www.5iveconcrete.com\/o-nas\/\" \/>\n<meta property=\"og:site_name\" content=\"5ive concrete\" \/>\n<meta property=\"article:modified_time\" content=\"2022-09-14T13:34:10+00:00\" \/>\n<meta name=\"twitter:card\" content=\"summary_large_image\" \/>\n<meta name=\"twitter:label1\" content=\"Odhadovan\u00e1 doba \u010dten\u00ed\">\n\t<meta name=\"twitter:data1\" content=\"1 minuta\">\n<script type=\"application\/ld+json\" class=\"yoast-schema-graph\">{\"@context\":\"https:\/\/schema.org\",\"@graph\":[{\"@type\":\"WebSite\",\"@id\":\"https:\/\/www.5iveconcrete.com\/#website\",\"url\":\"https:\/\/www.5iveconcrete.com\/\",\"name\":\"5ive concrete\",\"description\":\"Dizajn z bet\\u00f3nu\",\"potentialAction\":[{\"@type\":\"SearchAction\",\"target\":\"https:\/\/www.5iveconcrete.com\/?s={search_term_string}\",\"query-input\":\"required name=search_term_string\"}],\"inLanguage\":\"cs\"},{\"@type\":\"WebPage\",\"@id\":\"https:\/\/www.5iveconcrete.com\/o-nas\/#webpage\",\"url\":\"https:\/\/www.5iveconcrete.com\/o-nas\/\",\"name\":\"O n\\u00e1s - 5ive concrete\",\"isPartOf\":{\"@id\":\"https:\/\/www.5iveconcrete.com\/#website\"},\"datePublished\":\"2021-04-06T08:37:03+00:00\",\"dateModified\":\"2022-09-14T13:34:10+00:00\",\"breadcrumb\":{\"@id\":\"https:\/\/www.5iveconcrete.com\/o-nas\/#breadcrumb\"},\"inLanguage\":\"cs\",\"potentialAction\":[{\"@type\":\"ReadAction\",\"target\":[\"https:\/\/www.5iveconcrete.com\/o-nas\/\"]}]},{\"@type\":\"BreadcrumbList\",\"@id\":\"https:\/\/www.5iveconcrete.com\/o-nas\/#breadcrumb\",\"itemListElement\":[{\"@type\":\"ListItem\",\"position\":1,\"item\":{\"@type\":\"WebPage\",\"@id\":\"https:\/\/www.5iveconcrete.com\/cs\/\",\"url\":\"https:\/\/www.5iveconcrete.com\/cs\/\",\"name\":\"Domovsk\\u00e1 str\\u00e1nka\"}},{\"@type\":\"ListItem\",\"position\":2,\"item\":{\"@id\":\"https:\/\/www.5iveconcrete.com\/o-nas\/#webpage\"}}]}]}<\/script>\n<!-- \/ Yoast SEO plugin. -->","_links":{"self":[{"href":"https:\/\/www.5iveconcrete.com\/cs\/wp-json\/wp\/v2\/pages\/384","targetHints":{"allow":["GET"]}}],"collection":[{"href":"https:\/\/www.5iveconcrete.com\/cs\/wp-json\/wp\/v2\/pages"}],"about":[{"href":"https:\/\/www.5iveconcrete.com\/cs\/wp-json\/wp\/v2\/types\/page"}],"author":[{"embeddable":true,"href":"https:\/\/www.5iveconcrete.com\/cs\/wp-json\/wp\/v2\/users\/3"}],"replies":[{"embeddable":true,"href":"https:\/\/www.5iveconcrete.com\/cs\/wp-json\/wp\/v2\/comments?post=384"}],"version-history":[{"count":7,"href":"https:\/\/www.5iveconcrete.com\/cs\/wp-json\/wp\/v2\/pages\/384\/revisions"}],"predecessor-version":[{"id":1167,"href":"https:\/\/www.5iveconcrete.com\/cs\/wp-json\/wp\/v2\/pages\/384\/revisions\/1167"}],"wp:attachment":[{"href":"https:\/\/www.5iveconcrete.com\/cs\/wp-json\/wp\/v2\/media?parent=384"}],"curies":[{"name":"wp","href":"https:\/\/api.w.org\/{rel}","templated":true}]}}