{"id":392,"date":"2021-04-06T12:00:19","date_gmt":"2021-04-06T10:00:19","guid":{"rendered":"https:\/\/www.5iveconcrete.com\/partneri\/"},"modified":"2021-04-06T14:35:43","modified_gmt":"2021-04-06T12:35:43","slug":"partneri","status":"publish","type":"page","link":"https:\/\/www.5iveconcrete.com\/cs\/partneri\/","title":{"rendered":"Partne\u0159i"},"content":{"rendered":"<div id=\"pl-392\"  class=\"panel-layout\" ><div id=\"pg-392-0\"  class=\"panel-grid panel-no-style\" ><div id=\"pgc-392-0-0\"  class=\"panel-grid-cell\" ><div id=\"panel-392-0-0-0\" class=\"so-panel widget widget_sow-image panel-first-child panel-last-child\" data-index=\"0\" ><div class=\"so-widget-sow-image so-widget-sow-image-default-d6014b76747a\">\n\n<div class=\"sow-image-container\">\n\t<img loading=\"lazy\" decoding=\"async\" src=\"https:\/\/www.5iveconcrete.com\/wp-content\/uploads\/2021\/04\/image.jpeg\" width=\"670\" height=\"671\" srcset=\"https:\/\/www.5iveconcrete.com\/wp-content\/uploads\/2021\/04\/image.jpeg 670w, https:\/\/www.5iveconcrete.com\/wp-content\/uploads\/2021\/04\/image-300x300.jpeg 300w, https:\/\/www.5iveconcrete.com\/wp-content\/uploads\/2021\/04\/image-150x150.jpeg 150w, https:\/\/www.5iveconcrete.com\/wp-content\/uploads\/2021\/04\/image-480x481.jpeg 480w, https:\/\/www.5iveconcrete.com\/wp-content\/uploads\/2021\/04\/image-600x601.jpeg 600w, https:\/\/www.5iveconcrete.com\/wp-content\/uploads\/2021\/04\/image-100x100.jpeg 100w\" sizes=\"auto, (max-width: 670px) 100vw, 670px\" alt=\"\" \t\tclass=\"so-widget-image\"\/>\n<\/div>\n\n<\/div><\/div><\/div><div id=\"pgc-392-0-1\"  class=\"panel-grid-cell panel-grid-cell-empty\" ><\/div><div id=\"pgc-392-0-2\"  class=\"panel-grid-cell\" ><div id=\"panel-392-0-2-0\" class=\"so-panel widget widget_siteorigin-panels-builder panel-first-child panel-last-child\" data-index=\"1\" ><div id=\"pl-w606c55735174c\"  class=\"panel-layout\" ><div id=\"pg-w606c55735174c-0\"  class=\"panel-grid panel-no-style\" ><div id=\"pgc-w606c55735174c-0-0\"  class=\"panel-grid-cell\" ><div id=\"panel-w606c55735174c-0-0-0\" class=\"so-panel widget widget_sow-editor panel-first-child panel-last-child\" data-index=\"0\" ><div class=\"so-widget-sow-editor so-widget-sow-editor-base\">\n<div class=\"siteorigin-widget-tinymce textwidget\">\n\t<h2>Kdy\u017e se \u0159ekne, \u017ee n\u011bco plat\u00ed na beton, v\u0161em je hned jasn\u00e9, \u017ee to m\u00e1 znamenat jistotu a korektnost.<\/h2>\n<\/div>\n<\/div><\/div><\/div><\/div><div id=\"pg-w606c55735174c-1\"  class=\"panel-grid panel-no-style\" ><div id=\"pgc-w606c55735174c-1-0\"  class=\"panel-grid-cell\" ><div id=\"panel-w606c55735174c-1-0-0\" class=\"so-panel widget widget_sow-editor panel-first-child panel-last-child\" data-index=\"1\" ><div class=\"so-widget-sow-editor so-widget-sow-editor-base\">\n<div class=\"siteorigin-widget-tinymce textwidget\">\n\t<p>U n\u00e1s to plat\u00ed dvojn\u00e1sob. Za na\u0161\u00ed \u0159emeslnou a um\u011bleckou prac\u00ed si stoj\u00edme, s betonem m\u00e1me dlouholet\u00e9 zku\u0161enosti, pro n\u00e1s je to um\u011bn\u00ed i z\u00e1bava. Nab\u00edz\u00edme do va\u0161ich prostor\u016f produkty vyroben\u00e9 z kvalitn\u00edho materi\u00e1lu. Materi\u00e1l, kter\u00fd u\u017e nen\u00ed jen chladnou hmotou, je hmotou, kter\u00e1 z\u00e1kladem betonov\u00e9ho um\u011bn\u00ed.<\/p>\n<\/div>\n<\/div><\/div><\/div><div id=\"pgc-w606c55735174c-1-1\"  class=\"panel-grid-cell panel-grid-cell-empty\" ><\/div><div id=\"pgc-w606c55735174c-1-2\"  class=\"panel-grid-cell\" ><div id=\"panel-w606c55735174c-1-2-0\" class=\"so-panel widget widget_sow-editor panel-first-child panel-last-child\" data-index=\"2\" ><div class=\"so-widget-sow-editor so-widget-sow-editor-base\">\n<div class=\"siteorigin-widget-tinymce textwidget\">\n\t<p>Beton je pevn\u00e1, odoln\u00e1 a st\u00e1le modern\u00ed hmota, kter\u00e1 ani \u010dasem neztrat\u00ed na atraktivit\u011b. Garantujeme v\u00e1m, \u017ee na\u0161e produkty budou tvo\u0159it zaj\u00edmav\u00fd a ozvl\u00e1\u0161t\u0148uj\u00edc\u00ed prvek. Urbanistick\u00fd a industri\u00e1ln\u00ed styl nav\u00edc podn\u00edt\u00ed va\u0161i kreativitu, nen\u00ed vt\u00edrav\u00fd a neru\u0161\u00ed lidskou mysl. D\u00edla jsou vhodn\u00e9 jako solit\u00e9ry nebo v kombinaci produkt\u016f.<\/p>\n<\/div>\n<\/div><\/div><\/div><\/div><\/div><\/div><\/div><\/div><div id=\"pg-392-1\"  class=\"panel-grid panel-no-style\" ><div id=\"pgc-392-1-0\"  class=\"panel-grid-cell\" ><div id=\"panel-392-1-0-0\" class=\"so-panel widget widget_sow-editor panel-first-child panel-last-child\" data-index=\"2\" ><div class=\"so-widget-sow-editor so-widget-sow-editor-base\">\n<div class=\"siteorigin-widget-tinymce textwidget\">\n\t<h2>Sta\u0148te se na\u0161imi partnery a poznejte kouzlo betonov\u00e9ho minimalismu.<\/h2>\n<p>V na\u0161em produktov\u00e9m portfoliu najdete n\u00e1bytek, n\u00e1st\u011bnn\u00e9 hodiny, osv\u011btlen\u00ed, kter\u00e9 m\u016f\u017eete pou\u017e\u00edt v r\u016fzn\u00fdch reprezenta\u010dn\u00edch prostor\u00e1ch, firm\u00e1ch, kongresov\u00fdch hal\u00e1ch, obchodech, restaurac\u00edch \u010di hotel\u00edch.<\/p>\n<p>&nbsp;<\/p>\n<h3>Pro dal\u0161\u00ed informace ohledn\u011b spolupr\u00e1ce n\u00e1s kontaktujte na <a href=\"mailto:info@5iveconcrete.com\">info@5iveconcrete.com<\/a><\/h3>\n<\/div>\n<\/div><\/div><\/div><div id=\"pgc-392-1-1\"  class=\"panel-grid-cell panel-grid-cell-empty\" ><\/div><div id=\"pgc-392-1-2\"  class=\"panel-grid-cell\" ><div id=\"panel-392-1-2-0\" class=\"so-panel widget widget_sow-image panel-first-child panel-last-child\" data-index=\"3\" ><div class=\"so-widget-sow-image so-widget-sow-image-default-d6014b76747a\">\n\n<div class=\"sow-image-container\">\n\t<img loading=\"lazy\" decoding=\"async\" src=\"https:\/\/www.5iveconcrete.com\/wp-content\/uploads\/2021\/04\/image-1.jpeg\" width=\"1530\" height=\"1283\" srcset=\"https:\/\/www.5iveconcrete.com\/wp-content\/uploads\/2021\/04\/image-1.jpeg 1530w, https:\/\/www.5iveconcrete.com\/wp-content\/uploads\/2021\/04\/image-1-300x252.jpeg 300w, https:\/\/www.5iveconcrete.com\/wp-content\/uploads\/2021\/04\/image-1-1024x859.jpeg 1024w, https:\/\/www.5iveconcrete.com\/wp-content\/uploads\/2021\/04\/image-1-768x644.jpeg 768w, https:\/\/www.5iveconcrete.com\/wp-content\/uploads\/2021\/04\/image-1-480x403.jpeg 480w, https:\/\/www.5iveconcrete.com\/wp-content\/uploads\/2021\/04\/image-1-992x832.jpeg 992w, https:\/\/www.5iveconcrete.com\/wp-content\/uploads\/2021\/04\/image-1-1200x1006.jpeg 1200w, https:\/\/www.5iveconcrete.com\/wp-content\/uploads\/2021\/04\/image-1-600x503.jpeg 600w\" sizes=\"auto, (max-width: 1530px) 100vw, 1530px\" title=\"image\" alt=\"\" \t\tclass=\"so-widget-image\"\/>\n<\/div>\n\n<\/div><\/div><\/div><\/div><\/div>","protected":false},"excerpt":{"rendered":"<p>Sta\u0148te se na\u0161imi partnery a poznejte kouzlo betonov\u00e9ho minimalismu.<\/p>\n","protected":false},"author":3,"featured_media":0,"parent":0,"menu_order":0,"comment_status":"closed","ping_status":"closed","template":"","meta":{"spay_email":"","footnotes":""},"class_list":["post-392","page","type-page","status-publish","hentry"],"yoast_head":"<!-- This site is optimized with the Yoast SEO plugin v16.2 - https:\/\/yoast.com\/wordpress\/plugins\/seo\/ -->\n<meta name=\"robots\" content=\"index, follow, max-snippet:-1, max-image-preview:large, max-video-preview:-1\" \/>\n<link rel=\"canonical\" href=\"https:\/\/www.5iveconcrete.com\/cs\/partneri\/\" \/>\n<meta property=\"og:locale\" content=\"cs_CZ\" \/>\n<meta property=\"og:type\" content=\"article\" \/>\n<meta property=\"og:title\" content=\"Partne\u0159i - 5ive concrete\" \/>\n<meta property=\"og:description\" content=\"Sta\u0148te se na\u0161imi partnery a poznejte kouzlo betonov\u00e9ho minimalismu.\" \/>\n<meta property=\"og:url\" content=\"https:\/\/www.5iveconcrete.com\/cs\/partneri\/\" \/>\n<meta property=\"og:site_name\" content=\"5ive concrete\" \/>\n<meta property=\"article:modified_time\" content=\"2021-04-06T12:35:43+00:00\" \/>\n<meta name=\"twitter:card\" content=\"summary_large_image\" \/>\n<meta name=\"twitter:label1\" content=\"Odhadovan\u00e1 doba \u010dten\u00ed\">\n\t<meta name=\"twitter:data1\" content=\"1 minuta\">\n<script type=\"application\/ld+json\" class=\"yoast-schema-graph\">{\"@context\":\"https:\/\/schema.org\",\"@graph\":[{\"@type\":\"WebSite\",\"@id\":\"https:\/\/www.5iveconcrete.com\/#website\",\"url\":\"https:\/\/www.5iveconcrete.com\/\",\"name\":\"5ive concrete\",\"description\":\"Dizajn z bet\\u00f3nu\",\"potentialAction\":[{\"@type\":\"SearchAction\",\"target\":\"https:\/\/www.5iveconcrete.com\/?s={search_term_string}\",\"query-input\":\"required name=search_term_string\"}],\"inLanguage\":\"cs\"},{\"@type\":\"WebPage\",\"@id\":\"https:\/\/www.5iveconcrete.com\/cs\/partneri\/#webpage\",\"url\":\"https:\/\/www.5iveconcrete.com\/cs\/partneri\/\",\"name\":\"Partne\\u0159i - 5ive concrete\",\"isPartOf\":{\"@id\":\"https:\/\/www.5iveconcrete.com\/#website\"},\"datePublished\":\"2021-04-06T10:00:19+00:00\",\"dateModified\":\"2021-04-06T12:35:43+00:00\",\"breadcrumb\":{\"@id\":\"https:\/\/www.5iveconcrete.com\/cs\/partneri\/#breadcrumb\"},\"inLanguage\":\"cs\",\"potentialAction\":[{\"@type\":\"ReadAction\",\"target\":[\"https:\/\/www.5iveconcrete.com\/cs\/partneri\/\"]}]},{\"@type\":\"BreadcrumbList\",\"@id\":\"https:\/\/www.5iveconcrete.com\/cs\/partneri\/#breadcrumb\",\"itemListElement\":[{\"@type\":\"ListItem\",\"position\":1,\"item\":{\"@type\":\"WebPage\",\"@id\":\"https:\/\/www.5iveconcrete.com\/cs\/\",\"url\":\"https:\/\/www.5iveconcrete.com\/cs\/\",\"name\":\"Domovsk\\u00e1 str\\u00e1nka\"}},{\"@type\":\"ListItem\",\"position\":2,\"item\":{\"@id\":\"https:\/\/www.5iveconcrete.com\/cs\/partneri\/#webpage\"}}]}]}<\/script>\n<!-- \/ Yoast SEO plugin. -->","_links":{"self":[{"href":"https:\/\/www.5iveconcrete.com\/cs\/wp-json\/wp\/v2\/pages\/392","targetHints":{"allow":["GET"]}}],"collection":[{"href":"https:\/\/www.5iveconcrete.com\/cs\/wp-json\/wp\/v2\/pages"}],"about":[{"href":"https:\/\/www.5iveconcrete.com\/cs\/wp-json\/wp\/v2\/types\/page"}],"author":[{"embeddable":true,"href":"https:\/\/www.5iveconcrete.com\/cs\/wp-json\/wp\/v2\/users\/3"}],"replies":[{"embeddable":true,"href":"https:\/\/www.5iveconcrete.com\/cs\/wp-json\/wp\/v2\/comments?post=392"}],"version-history":[{"count":4,"href":"https:\/\/www.5iveconcrete.com\/cs\/wp-json\/wp\/v2\/pages\/392\/revisions"}],"predecessor-version":[{"id":396,"href":"https:\/\/www.5iveconcrete.com\/cs\/wp-json\/wp\/v2\/pages\/392\/revisions\/396"}],"wp:attachment":[{"href":"https:\/\/www.5iveconcrete.com\/cs\/wp-json\/wp\/v2\/media?parent=392"}],"curies":[{"name":"wp","href":"https:\/\/api.w.org\/{rel}","templated":true}]}}