{"id":188,"date":"2021-03-29T13:32:58","date_gmt":"2021-03-29T11:32:58","guid":{"rendered":"https:\/\/www.5iveconcrete.com\/product\/trophy\/"},"modified":"2021-04-06T16:09:39","modified_gmt":"2021-04-06T14:09:39","slug":"trophy","status":"publish","type":"product","link":"https:\/\/www.5iveconcrete.com\/cs\/produkt\/trophy\/","title":{"rendered":"Trophy"},"content":{"rendered":"<h2>Specifikacie<\/h2>\n<p>Trofej vyroben\u00e1 na m\u00edru pro silovou workout sout\u011b\u017e King of the north. Mo\u017enost konzultace tvaru, barvy, proveden\u00ed.<\/p>\n<p>Individu\u00e1ln\u011b navr\u017een\u00e1 trofej je v\u00fdjime\u010dn\u00e1 a to d\u011bl\u00e1 ze sout\u011b\u017ee v\u00fdjime\u010dnou ud\u00e1lost. Samoz\u0159ejm\u011b i cena je individu\u00e1ln\u00ed.<\/p>\n","protected":false},"excerpt":{"rendered":"<p>Lorem ipsum dolor sit amet, consetetur sadipscing elitr, sed diam nonumy eirmod tempor invidunt ut labore et aliquyam erat, sed dia. Lorem ipsum dolor sit amet, consetetur sadipscing elit.<\/p>\n","protected":false},"featured_media":131,"comment_status":"open","ping_status":"closed","template":"","meta":{"spay_email":""},"class_list":["post-188","product","type-product","status-publish","has-post-thumbnail","hentry","product_cat-objekty-cs"],"yoast_head":"<!-- This site is optimized with the Yoast SEO plugin v16.2 - https:\/\/yoast.com\/wordpress\/plugins\/seo\/ -->\n<meta name=\"robots\" content=\"index, follow, max-snippet:-1, max-image-preview:large, max-video-preview:-1\" \/>\n<link rel=\"canonical\" href=\"https:\/\/www.5iveconcrete.com\/cs\/produkt\/trophy\/\" \/>\n<meta property=\"og:locale\" content=\"cs_CZ\" \/>\n<meta property=\"og:type\" content=\"article\" \/>\n<meta property=\"og:title\" content=\"Trophy - 5ive concrete\" \/>\n<meta property=\"og:description\" content=\"Lorem ipsum dolor sit amet, consetetur sadipscing elitr, sed diam nonumy eirmod tempor invidunt ut labore et aliquyam erat, sed dia. Lorem ipsum dolor sit amet, consetetur sadipscing elit.\" \/>\n<meta property=\"og:url\" content=\"https:\/\/www.5iveconcrete.com\/cs\/produkt\/trophy\/\" \/>\n<meta property=\"og:site_name\" content=\"5ive concrete\" \/>\n<meta property=\"article:modified_time\" content=\"2021-04-06T14:09:39+00:00\" \/>\n<meta property=\"og:image\" content=\"https:\/\/www.5iveconcrete.com\/wp-content\/uploads\/2021\/03\/1-2.jpg\" \/>\n\t<meta property=\"og:image:width\" content=\"793\" \/>\n\t<meta property=\"og:image:height\" content=\"717\" \/>\n<meta name=\"twitter:card\" content=\"summary_large_image\" \/>\n<script type=\"application\/ld+json\" class=\"yoast-schema-graph\">{\"@context\":\"https:\/\/schema.org\",\"@graph\":[{\"@type\":\"WebSite\",\"@id\":\"https:\/\/www.5iveconcrete.com\/#website\",\"url\":\"https:\/\/www.5iveconcrete.com\/\",\"name\":\"5ive concrete\",\"description\":\"Dizajn z bet\\u00f3nu\",\"potentialAction\":[{\"@type\":\"SearchAction\",\"target\":\"https:\/\/www.5iveconcrete.com\/?s={search_term_string}\",\"query-input\":\"required name=search_term_string\"}],\"inLanguage\":\"cs\"},{\"@type\":\"ImageObject\",\"@id\":\"https:\/\/www.5iveconcrete.com\/cs\/produkt\/trophy\/#primaryimage\",\"inLanguage\":\"cs\",\"url\":\"https:\/\/www.5iveconcrete.com\/wp-content\/uploads\/2021\/03\/1-2.jpg\",\"contentUrl\":\"https:\/\/www.5iveconcrete.com\/wp-content\/uploads\/2021\/03\/1-2.jpg\",\"width\":793,\"height\":717},{\"@type\":\"WebPage\",\"@id\":\"https:\/\/www.5iveconcrete.com\/cs\/produkt\/trophy\/#webpage\",\"url\":\"https:\/\/www.5iveconcrete.com\/cs\/produkt\/trophy\/\",\"name\":\"Trophy - 5ive concrete\",\"isPartOf\":{\"@id\":\"https:\/\/www.5iveconcrete.com\/#website\"},\"primaryImageOfPage\":{\"@id\":\"https:\/\/www.5iveconcrete.com\/cs\/produkt\/trophy\/#primaryimage\"},\"datePublished\":\"2021-03-29T11:32:58+00:00\",\"dateModified\":\"2021-04-06T14:09:39+00:00\",\"breadcrumb\":{\"@id\":\"https:\/\/www.5iveconcrete.com\/cs\/produkt\/trophy\/#breadcrumb\"},\"inLanguage\":\"cs\",\"potentialAction\":[{\"@type\":\"ReadAction\",\"target\":[\"https:\/\/www.5iveconcrete.com\/cs\/produkt\/trophy\/\"]}]},{\"@type\":\"BreadcrumbList\",\"@id\":\"https:\/\/www.5iveconcrete.com\/cs\/produkt\/trophy\/#breadcrumb\",\"itemListElement\":[{\"@type\":\"ListItem\",\"position\":1,\"item\":{\"@type\":\"WebPage\",\"@id\":\"https:\/\/www.5iveconcrete.com\/cs\/\",\"url\":\"https:\/\/www.5iveconcrete.com\/cs\/\",\"name\":\"Domovsk\\u00e1 str\\u00e1nka\"}},{\"@type\":\"ListItem\",\"position\":2,\"item\":{\"@type\":\"WebPage\",\"@id\":\"https:\/\/www.5iveconcrete.com\/cs\/obchod\/\",\"url\":\"https:\/\/www.5iveconcrete.com\/cs\/obchod\/\",\"name\":\"Obchod\"}},{\"@type\":\"ListItem\",\"position\":3,\"item\":{\"@id\":\"https:\/\/www.5iveconcrete.com\/cs\/produkt\/trophy\/#webpage\"}}]}]}<\/script>\n<!-- \/ Yoast SEO plugin. -->","_links":{"self":[{"href":"https:\/\/www.5iveconcrete.com\/cs\/wp-json\/wp\/v2\/product\/188","targetHints":{"allow":["GET"]}}],"collection":[{"href":"https:\/\/www.5iveconcrete.com\/cs\/wp-json\/wp\/v2\/product"}],"about":[{"href":"https:\/\/www.5iveconcrete.com\/cs\/wp-json\/wp\/v2\/types\/product"}],"replies":[{"embeddable":true,"href":"https:\/\/www.5iveconcrete.com\/cs\/wp-json\/wp\/v2\/comments?post=188"}],"wp:featuredmedia":[{"embeddable":true,"href":"https:\/\/www.5iveconcrete.com\/cs\/wp-json\/wp\/v2\/media\/131"}],"wp:attachment":[{"href":"https:\/\/www.5iveconcrete.com\/cs\/wp-json\/wp\/v2\/media?parent=188"}],"curies":[{"name":"wp","href":"https:\/\/api.w.org\/{rel}","templated":true}]}}