{"id":463,"date":"2021-04-07T08:38:44","date_gmt":"2021-04-07T06:38:44","guid":{"rendered":"https:\/\/www.5iveconcrete.com\/produkt\/produkt-sk\/"},"modified":"2021-04-17T07:54:48","modified_gmt":"2021-04-17T05:54:48","slug":"produkt-cz","status":"publish","type":"product","link":"https:\/\/www.5iveconcrete.com\/cs\/produkt\/produkt-cz\/","title":{"rendered":"Tube on rope x"},"content":{"rendered":"<p>Bet\u00f3n a bavlnen\u00e9 lano. Prepojenie dvoch odli\u0161n\u00fdch materi\u00e1lov a z\u00e1rove\u0148 spojenie minimalizmu v unik\u00e1tny n\u00e1hrdeln\u00edk.<\/p>\n<p>Bet\u00f3n je skuto\u010dn\u00fd, lano je bavlnen\u00e9. Bet\u00f3n je o\u0161etren\u00fd a lano surov\u00e9.<\/p>\n","protected":false},"excerpt":{"rendered":"<p>Minimalistick\u00fd n\u00e1hrdeln\u00edk. Spojenie bet\u00f3nu a bavlnen\u00e9ho lana.<\/p>\n","protected":false},"featured_media":216,"comment_status":"open","ping_status":"closed","template":"","meta":{"spay_email":""},"class_list":["post-463","product","type-product","status-publish","has-post-thumbnail","hentry","product_cat-doplnky-cs","product_cat-objekty-cs"],"yoast_head":"<!-- This site is optimized with the Yoast SEO plugin v16.2 - https:\/\/yoast.com\/wordpress\/plugins\/seo\/ -->\n<meta name=\"robots\" content=\"index, follow, max-snippet:-1, max-image-preview:large, max-video-preview:-1\" \/>\n<link rel=\"canonical\" href=\"https:\/\/www.5iveconcrete.com\/cs\/produkt\/produkt-cz\/\" \/>\n<meta property=\"og:locale\" content=\"cs_CZ\" \/>\n<meta property=\"og:type\" content=\"article\" \/>\n<meta property=\"og:title\" content=\"Tube on rope x - 5ive concrete\" \/>\n<meta property=\"og:description\" content=\"Minimalistick\u00fd n\u00e1hrdeln\u00edk. Spojenie bet\u00f3nu a bavlnen\u00e9ho lana.\" \/>\n<meta property=\"og:url\" content=\"https:\/\/www.5iveconcrete.com\/cs\/produkt\/produkt-cz\/\" \/>\n<meta property=\"og:site_name\" content=\"5ive concrete\" \/>\n<meta property=\"article:modified_time\" content=\"2021-04-17T05:54:48+00:00\" \/>\n<meta property=\"og:image\" content=\"https:\/\/www.5iveconcrete.com\/wp-content\/uploads\/2021\/04\/sperky.jpg\" \/>\n\t<meta property=\"og:image:width\" content=\"1500\" \/>\n\t<meta property=\"og:image:height\" content=\"1023\" \/>\n<meta name=\"twitter:card\" content=\"summary_large_image\" \/>\n<script type=\"application\/ld+json\" class=\"yoast-schema-graph\">{\"@context\":\"https:\/\/schema.org\",\"@graph\":[{\"@type\":\"WebSite\",\"@id\":\"https:\/\/www.5iveconcrete.com\/#website\",\"url\":\"https:\/\/www.5iveconcrete.com\/\",\"name\":\"5ive concrete\",\"description\":\"Dizajn z bet\\u00f3nu\",\"potentialAction\":[{\"@type\":\"SearchAction\",\"target\":\"https:\/\/www.5iveconcrete.com\/?s={search_term_string}\",\"query-input\":\"required name=search_term_string\"}],\"inLanguage\":\"cs\"},{\"@type\":\"ImageObject\",\"@id\":\"https:\/\/www.5iveconcrete.com\/cs\/produkt\/produkt-cz\/#primaryimage\",\"inLanguage\":\"cs\",\"url\":\"https:\/\/www.5iveconcrete.com\/wp-content\/uploads\/2021\/04\/sperky.jpg\",\"contentUrl\":\"https:\/\/www.5iveconcrete.com\/wp-content\/uploads\/2021\/04\/sperky.jpg\",\"width\":1500,\"height\":1023},{\"@type\":\"WebPage\",\"@id\":\"https:\/\/www.5iveconcrete.com\/cs\/produkt\/produkt-cz\/#webpage\",\"url\":\"https:\/\/www.5iveconcrete.com\/cs\/produkt\/produkt-cz\/\",\"name\":\"Tube on rope x - 5ive concrete\",\"isPartOf\":{\"@id\":\"https:\/\/www.5iveconcrete.com\/#website\"},\"primaryImageOfPage\":{\"@id\":\"https:\/\/www.5iveconcrete.com\/cs\/produkt\/produkt-cz\/#primaryimage\"},\"datePublished\":\"2021-04-07T06:38:44+00:00\",\"dateModified\":\"2021-04-17T05:54:48+00:00\",\"breadcrumb\":{\"@id\":\"https:\/\/www.5iveconcrete.com\/cs\/produkt\/produkt-cz\/#breadcrumb\"},\"inLanguage\":\"cs\",\"potentialAction\":[{\"@type\":\"ReadAction\",\"target\":[\"https:\/\/www.5iveconcrete.com\/cs\/produkt\/produkt-cz\/\"]}]},{\"@type\":\"BreadcrumbList\",\"@id\":\"https:\/\/www.5iveconcrete.com\/cs\/produkt\/produkt-cz\/#breadcrumb\",\"itemListElement\":[{\"@type\":\"ListItem\",\"position\":1,\"item\":{\"@type\":\"WebPage\",\"@id\":\"https:\/\/www.5iveconcrete.com\/cs\/\",\"url\":\"https:\/\/www.5iveconcrete.com\/cs\/\",\"name\":\"Domovsk\\u00e1 str\\u00e1nka\"}},{\"@type\":\"ListItem\",\"position\":2,\"item\":{\"@type\":\"WebPage\",\"@id\":\"https:\/\/www.5iveconcrete.com\/cs\/obchod\/\",\"url\":\"https:\/\/www.5iveconcrete.com\/cs\/obchod\/\",\"name\":\"Obchod\"}},{\"@type\":\"ListItem\",\"position\":3,\"item\":{\"@id\":\"https:\/\/www.5iveconcrete.com\/cs\/produkt\/produkt-cz\/#webpage\"}}]}]}<\/script>\n<!-- \/ Yoast SEO plugin. -->","_links":{"self":[{"href":"https:\/\/www.5iveconcrete.com\/cs\/wp-json\/wp\/v2\/product\/463","targetHints":{"allow":["GET"]}}],"collection":[{"href":"https:\/\/www.5iveconcrete.com\/cs\/wp-json\/wp\/v2\/product"}],"about":[{"href":"https:\/\/www.5iveconcrete.com\/cs\/wp-json\/wp\/v2\/types\/product"}],"replies":[{"embeddable":true,"href":"https:\/\/www.5iveconcrete.com\/cs\/wp-json\/wp\/v2\/comments?post=463"}],"wp:featuredmedia":[{"embeddable":true,"href":"https:\/\/www.5iveconcrete.com\/cs\/wp-json\/wp\/v2\/media\/216"}],"wp:attachment":[{"href":"https:\/\/www.5iveconcrete.com\/cs\/wp-json\/wp\/v2\/media?parent=463"}],"curies":[{"name":"wp","href":"https:\/\/api.w.org\/{rel}","templated":true}]}}